{"id":103,"date":"2023-04-07T11:39:07","date_gmt":"2023-04-07T09:39:07","guid":{"rendered":"http:\/\/wphtransport.eu\/?page_id=103"},"modified":"2023-09-05T22:24:10","modified_gmt":"2023-09-05T20:24:10","slug":"zaufali-nam","status":"publish","type":"page","link":"https:\/\/wphtransport.eu\/index.php\/zaufali-nam\/","title":{"rendered":"Zaufali nam"},"content":{"rendered":"\n<div class=\"wp-block-media-text is-stacked-on-mobile\"><figure class=\"wp-block-media-text__media\"><a href=\"https:\/\/www.izolstav-za.sk\/\" target=\"_blank\" rel=\"noreferrer noopener\"><img loading=\"lazy\" decoding=\"async\" width=\"177\" height=\"70\" src=\"https:\/\/wphtransport.eu\/wp-content\/uploads\/2023\/09\/bd0948_1066de21bc474bcab06c8468057b6d48.webp\" alt=\"\" class=\"wp-image-254 size-full\"\/><\/a><\/figure><div class=\"wp-block-media-text__content\">\n<p>IZOLSTAV-ZA<\/p>\n<\/div><\/div>\n\n\n\n<div class=\"wp-block-media-text is-stacked-on-mobile\"><figure class=\"wp-block-media-text__media\"><a href=\"http:\/\/www.tarcopol.pl\/\" target=\"_blank\" rel=\"noreferrer noopener\"><img loading=\"lazy\" decoding=\"async\" width=\"245\" height=\"65\" src=\"https:\/\/wphtransport.eu\/wp-content\/uploads\/2023\/09\/logo-tarcopol.png\" alt=\"\" class=\"wp-image-258 size-full\"\/><\/a><\/figure><div class=\"wp-block-media-text__content\">\n<p>TARCOPOL Sp. z o.o.<\/p>\n<\/div><\/div>\n\n\n\n<div class=\"wp-block-media-text is-stacked-on-mobile\"><figure class=\"wp-block-media-text__media\"><a href=\"https:\/\/interasphalt.pl\/\" target=\"_blank\" rel=\"noreferrer noopener\"><img loading=\"lazy\" decoding=\"async\" width=\"394\" height=\"134\" src=\"https:\/\/wphtransport.eu\/wp-content\/uploads\/2023\/09\/logo.png\" alt=\"\" class=\"wp-image-256 size-full\" srcset=\"https:\/\/wphtransport.eu\/wp-content\/uploads\/2023\/09\/logo.png 394w, https:\/\/wphtransport.eu\/wp-content\/uploads\/2023\/09\/logo-300x102.png 300w\" sizes=\"auto, (max-width: 394px) 100vw, 394px\" \/><\/a><\/figure><div class=\"wp-block-media-text__content\">\n<p>InterASPHALT<\/p>\n<\/div><\/div>\n\n\n\n<div class=\"wp-block-media-text is-stacked-on-mobile\"><figure class=\"wp-block-media-text__media\"><a href=\"https:\/\/www.rdmsrodmiescie.pl\" target=\"_blank\" rel=\"noreferrer noopener\"><img loading=\"lazy\" decoding=\"async\" width=\"321\" height=\"71\" src=\"https:\/\/wphtransport.eu\/wp-content\/uploads\/2023\/09\/joomla_logo_black.jpg\" alt=\"\" class=\"wp-image-255 size-full\" srcset=\"https:\/\/wphtransport.eu\/wp-content\/uploads\/2023\/09\/joomla_logo_black.jpg 321w, https:\/\/wphtransport.eu\/wp-content\/uploads\/2023\/09\/joomla_logo_black-300x66.jpg 300w\" sizes=\"auto, (max-width: 321px) 100vw, 321px\" \/><\/a><\/figure><div class=\"wp-block-media-text__content\">\n<p>R.D.M \u015aR\u00d3DMIE\u015aCIE Sp\u00f3\u0142ka z o.o<\/p>\n<\/div><\/div>\n\n\n\n<div class=\"wp-block-media-text is-stacked-on-mobile\"><figure class=\"wp-block-media-text__media\"><a href=\"https:\/\/www.budimex.pl\/\" target=\"_blank\" rel=\"noreferrer noopener\"><img loading=\"lazy\" decoding=\"async\" width=\"160\" height=\"78\" src=\"https:\/\/wphtransport.eu\/wp-content\/uploads\/2023\/09\/logo_small_budimex.png\" alt=\"\" class=\"wp-image-257 size-full\"\/><\/a><\/figure><div class=\"wp-block-media-text__content\">\n<p>Budimex S.A.<\/p>\n<\/div><\/div>\n\n\n\n<div class=\"wp-block-media-text is-stacked-on-mobile\"><figure class=\"wp-block-media-text__media\"><a href=\"https:\/\/www.strabag.pl\/\" target=\"_blank\" rel=\"noreferrer noopener\"><img loading=\"lazy\" decoding=\"async\" width=\"145\" height=\"60\" src=\"https:\/\/wphtransport.eu\/wp-content\/uploads\/2023\/09\/strabag-logo.png\" alt=\"\" class=\"wp-image-259 size-full\"\/><\/a><\/figure><div class=\"wp-block-media-text__content\">\n<p>STARBAG Sp z o.o<\/p>\n<\/div><\/div>\n","protected":false},"excerpt":{"rendered":"<p>IZOLSTAV-ZA TARCOPOL Sp. z o.o. InterASPHALT R.D.M \u015aR\u00d3DMIE\u015aCIE Sp\u00f3\u0142ka z o.o Budimex S.A. STARBAG Sp z o.o<\/p>\n","protected":false},"author":2,"featured_media":0,"parent":0,"menu_order":0,"comment_status":"closed","ping_status":"closed","template":"","meta":{"footnotes":""},"class_list":["post-103","page","type-page","status-publish","hentry"],"yoast_head":"<!-- This site is optimized with the Yoast SEO plugin v21.7 - https:\/\/yoast.com\/wordpress\/plugins\/seo\/ -->\n<title>Zaufali nam - Transport asfaltu twardolanego Asfalt twardolany, asfalt, transport<\/title>\n<meta name=\"robots\" content=\"index, follow, max-snippet:-1, max-image-preview:large, max-video-preview:-1\" \/>\n<link rel=\"canonical\" href=\"https:\/\/wphtransport.eu\/index.php\/zaufali-nam\/\" \/>\n<meta property=\"og:locale\" content=\"pl_PL\" \/>\n<meta property=\"og:type\" content=\"article\" \/>\n<meta property=\"og:title\" content=\"Zaufali nam - Transport asfaltu twardolanego Asfalt twardolany, asfalt, transport\" \/>\n<meta property=\"og:description\" content=\"IZOLSTAV-ZA TARCOPOL Sp. z o.o. InterASPHALT R.D.M \u015aR\u00d3DMIE\u015aCIE Sp\u00f3\u0142ka z o.o Budimex S.A. STARBAG Sp z o.o\" \/>\n<meta property=\"og:url\" content=\"https:\/\/wphtransport.eu\/index.php\/zaufali-nam\/\" \/>\n<meta property=\"og:site_name\" content=\"Transport asfaltu twardolanego\" \/>\n<meta property=\"article:modified_time\" content=\"2023-09-05T20:24:10+00:00\" \/>\n<meta property=\"og:image\" content=\"https:\/\/wphtransport.eu\/wp-content\/uploads\/2023\/09\/bd0948_1066de21bc474bcab06c8468057b6d48.webp\" \/>\n<meta name=\"twitter:card\" content=\"summary_large_image\" \/>\n<script type=\"application\/ld+json\" class=\"yoast-schema-graph\">{\"@context\":\"https:\/\/schema.org\",\"@graph\":[{\"@type\":\"Article\",\"@id\":\"https:\/\/wphtransport.eu\/index.php\/zaufali-nam\/#article\",\"isPartOf\":{\"@id\":\"https:\/\/wphtransport.eu\/index.php\/zaufali-nam\/\"},\"author\":{\"name\":\"admin\",\"@id\":\"https:\/\/wphtransport.eu\/#\/schema\/person\/7720c70cbd5b612c9bee5975713f58d7\"},\"headline\":\"Zaufali nam\",\"datePublished\":\"2023-04-07T09:39:07+00:00\",\"dateModified\":\"2023-09-05T20:24:10+00:00\",\"mainEntityOfPage\":{\"@id\":\"https:\/\/wphtransport.eu\/index.php\/zaufali-nam\/\"},\"wordCount\":28,\"publisher\":{\"@id\":\"https:\/\/wphtransport.eu\/#organization\"},\"inLanguage\":\"pl-PL\"},{\"@type\":\"WebPage\",\"@id\":\"https:\/\/wphtransport.eu\/index.php\/zaufali-nam\/\",\"url\":\"https:\/\/wphtransport.eu\/index.php\/zaufali-nam\/\",\"name\":\"Zaufali nam - Transport asfaltu twardolanego Asfalt twardolany, asfalt, transport\",\"isPartOf\":{\"@id\":\"https:\/\/wphtransport.eu\/#website\"},\"datePublished\":\"2023-04-07T09:39:07+00:00\",\"dateModified\":\"2023-09-05T20:24:10+00:00\",\"breadcrumb\":{\"@id\":\"https:\/\/wphtransport.eu\/index.php\/zaufali-nam\/#breadcrumb\"},\"inLanguage\":\"pl-PL\",\"potentialAction\":[{\"@type\":\"ReadAction\",\"target\":[\"https:\/\/wphtransport.eu\/index.php\/zaufali-nam\/\"]}]},{\"@type\":\"BreadcrumbList\",\"@id\":\"https:\/\/wphtransport.eu\/index.php\/zaufali-nam\/#breadcrumb\",\"itemListElement\":[{\"@type\":\"ListItem\",\"position\":1,\"name\":\"Home\",\"item\":\"https:\/\/wphtransport.eu\/\"},{\"@type\":\"ListItem\",\"position\":2,\"name\":\"Zaufali nam\"}]},{\"@type\":\"WebSite\",\"@id\":\"https:\/\/wphtransport.eu\/#website\",\"url\":\"https:\/\/wphtransport.eu\/\",\"name\":\"Transport asfaltu twardolanego\",\"description\":\"Wozimy asfalt po kt\u00f3rym jedziesz.\",\"publisher\":{\"@id\":\"https:\/\/wphtransport.eu\/#organization\"},\"potentialAction\":[{\"@type\":\"SearchAction\",\"target\":{\"@type\":\"EntryPoint\",\"urlTemplate\":\"https:\/\/wphtransport.eu\/?s={search_term_string}\"},\"query-input\":\"required name=search_term_string\"}],\"inLanguage\":\"pl-PL\"},{\"@type\":\"Organization\",\"@id\":\"https:\/\/wphtransport.eu\/#organization\",\"name\":\"WPH Transport - Transport asfaltu twardolanego\",\"url\":\"https:\/\/wphtransport.eu\/\",\"logo\":{\"@type\":\"ImageObject\",\"inLanguage\":\"pl-PL\",\"@id\":\"https:\/\/wphtransport.eu\/#\/schema\/logo\/image\/\",\"url\":\"https:\/\/wphtransport.eu\/wp-content\/uploads\/2023\/09\/IMG_1317.jpeg\",\"contentUrl\":\"https:\/\/wphtransport.eu\/wp-content\/uploads\/2023\/09\/IMG_1317.jpeg\",\"width\":2048,\"height\":1536,\"caption\":\"WPH Transport - Transport asfaltu twardolanego\"},\"image\":{\"@id\":\"https:\/\/wphtransport.eu\/#\/schema\/logo\/image\/\"}},{\"@type\":\"Person\",\"@id\":\"https:\/\/wphtransport.eu\/#\/schema\/person\/7720c70cbd5b612c9bee5975713f58d7\",\"name\":\"admin\",\"image\":{\"@type\":\"ImageObject\",\"inLanguage\":\"pl-PL\",\"@id\":\"https:\/\/wphtransport.eu\/#\/schema\/person\/image\/\",\"url\":\"https:\/\/secure.gravatar.com\/avatar\/aea7c2962c1947205df2afdfaea28c28465dca9aa1e03940a05ad161726869cf?s=96&d=mm&r=g\",\"contentUrl\":\"https:\/\/secure.gravatar.com\/avatar\/aea7c2962c1947205df2afdfaea28c28465dca9aa1e03940a05ad161726869cf?s=96&d=mm&r=g\",\"caption\":\"admin\"},\"sameAs\":[\"http:\/\/wphtransport.eu\"],\"url\":\"https:\/\/wphtransport.eu\/index.php\/author\/admin-2\/\"}]}<\/script>\n<!-- \/ Yoast SEO plugin. -->","yoast_head_json":{"title":"Zaufali nam - Transport asfaltu twardolanego Asfalt twardolany, asfalt, transport","robots":{"index":"index","follow":"follow","max-snippet":"max-snippet:-1","max-image-preview":"max-image-preview:large","max-video-preview":"max-video-preview:-1"},"canonical":"https:\/\/wphtransport.eu\/index.php\/zaufali-nam\/","og_locale":"pl_PL","og_type":"article","og_title":"Zaufali nam - Transport asfaltu twardolanego Asfalt twardolany, asfalt, transport","og_description":"IZOLSTAV-ZA TARCOPOL Sp. z o.o. InterASPHALT R.D.M \u015aR\u00d3DMIE\u015aCIE Sp\u00f3\u0142ka z o.o Budimex S.A. STARBAG Sp z o.o","og_url":"https:\/\/wphtransport.eu\/index.php\/zaufali-nam\/","og_site_name":"Transport asfaltu twardolanego","article_modified_time":"2023-09-05T20:24:10+00:00","og_image":[{"url":"https:\/\/wphtransport.eu\/wp-content\/uploads\/2023\/09\/bd0948_1066de21bc474bcab06c8468057b6d48.webp"}],"twitter_card":"summary_large_image","schema":{"@context":"https:\/\/schema.org","@graph":[{"@type":"Article","@id":"https:\/\/wphtransport.eu\/index.php\/zaufali-nam\/#article","isPartOf":{"@id":"https:\/\/wphtransport.eu\/index.php\/zaufali-nam\/"},"author":{"name":"admin","@id":"https:\/\/wphtransport.eu\/#\/schema\/person\/7720c70cbd5b612c9bee5975713f58d7"},"headline":"Zaufali nam","datePublished":"2023-04-07T09:39:07+00:00","dateModified":"2023-09-05T20:24:10+00:00","mainEntityOfPage":{"@id":"https:\/\/wphtransport.eu\/index.php\/zaufali-nam\/"},"wordCount":28,"publisher":{"@id":"https:\/\/wphtransport.eu\/#organization"},"inLanguage":"pl-PL"},{"@type":"WebPage","@id":"https:\/\/wphtransport.eu\/index.php\/zaufali-nam\/","url":"https:\/\/wphtransport.eu\/index.php\/zaufali-nam\/","name":"Zaufali nam - Transport asfaltu twardolanego Asfalt twardolany, asfalt, transport","isPartOf":{"@id":"https:\/\/wphtransport.eu\/#website"},"datePublished":"2023-04-07T09:39:07+00:00","dateModified":"2023-09-05T20:24:10+00:00","breadcrumb":{"@id":"https:\/\/wphtransport.eu\/index.php\/zaufali-nam\/#breadcrumb"},"inLanguage":"pl-PL","potentialAction":[{"@type":"ReadAction","target":["https:\/\/wphtransport.eu\/index.php\/zaufali-nam\/"]}]},{"@type":"BreadcrumbList","@id":"https:\/\/wphtransport.eu\/index.php\/zaufali-nam\/#breadcrumb","itemListElement":[{"@type":"ListItem","position":1,"name":"Home","item":"https:\/\/wphtransport.eu\/"},{"@type":"ListItem","position":2,"name":"Zaufali nam"}]},{"@type":"WebSite","@id":"https:\/\/wphtransport.eu\/#website","url":"https:\/\/wphtransport.eu\/","name":"Transport asfaltu twardolanego","description":"Wozimy asfalt po kt\u00f3rym jedziesz.","publisher":{"@id":"https:\/\/wphtransport.eu\/#organization"},"potentialAction":[{"@type":"SearchAction","target":{"@type":"EntryPoint","urlTemplate":"https:\/\/wphtransport.eu\/?s={search_term_string}"},"query-input":"required name=search_term_string"}],"inLanguage":"pl-PL"},{"@type":"Organization","@id":"https:\/\/wphtransport.eu\/#organization","name":"WPH Transport - Transport asfaltu twardolanego","url":"https:\/\/wphtransport.eu\/","logo":{"@type":"ImageObject","inLanguage":"pl-PL","@id":"https:\/\/wphtransport.eu\/#\/schema\/logo\/image\/","url":"https:\/\/wphtransport.eu\/wp-content\/uploads\/2023\/09\/IMG_1317.jpeg","contentUrl":"https:\/\/wphtransport.eu\/wp-content\/uploads\/2023\/09\/IMG_1317.jpeg","width":2048,"height":1536,"caption":"WPH Transport - Transport asfaltu twardolanego"},"image":{"@id":"https:\/\/wphtransport.eu\/#\/schema\/logo\/image\/"}},{"@type":"Person","@id":"https:\/\/wphtransport.eu\/#\/schema\/person\/7720c70cbd5b612c9bee5975713f58d7","name":"admin","image":{"@type":"ImageObject","inLanguage":"pl-PL","@id":"https:\/\/wphtransport.eu\/#\/schema\/person\/image\/","url":"https:\/\/secure.gravatar.com\/avatar\/aea7c2962c1947205df2afdfaea28c28465dca9aa1e03940a05ad161726869cf?s=96&d=mm&r=g","contentUrl":"https:\/\/secure.gravatar.com\/avatar\/aea7c2962c1947205df2afdfaea28c28465dca9aa1e03940a05ad161726869cf?s=96&d=mm&r=g","caption":"admin"},"sameAs":["http:\/\/wphtransport.eu"],"url":"https:\/\/wphtransport.eu\/index.php\/author\/admin-2\/"}]}},"_links":{"self":[{"href":"https:\/\/wphtransport.eu\/index.php\/wp-json\/wp\/v2\/pages\/103","targetHints":{"allow":["GET"]}}],"collection":[{"href":"https:\/\/wphtransport.eu\/index.php\/wp-json\/wp\/v2\/pages"}],"about":[{"href":"https:\/\/wphtransport.eu\/index.php\/wp-json\/wp\/v2\/types\/page"}],"author":[{"embeddable":true,"href":"https:\/\/wphtransport.eu\/index.php\/wp-json\/wp\/v2\/users\/2"}],"replies":[{"embeddable":true,"href":"https:\/\/wphtransport.eu\/index.php\/wp-json\/wp\/v2\/comments?post=103"}],"version-history":[{"count":5,"href":"https:\/\/wphtransport.eu\/index.php\/wp-json\/wp\/v2\/pages\/103\/revisions"}],"predecessor-version":[{"id":327,"href":"https:\/\/wphtransport.eu\/index.php\/wp-json\/wp\/v2\/pages\/103\/revisions\/327"}],"wp:attachment":[{"href":"https:\/\/wphtransport.eu\/index.php\/wp-json\/wp\/v2\/media?parent=103"}],"curies":[{"name":"wp","href":"https:\/\/api.w.org\/{rel}","templated":true}]}}