{"id":119,"date":"2023-06-12T21:33:31","date_gmt":"2023-06-12T19:33:31","guid":{"rendered":"http:\/\/wphtransport.eu\/?page_id=119"},"modified":"2023-09-02T21:10:03","modified_gmt":"2023-09-02T19:10:03","slug":"uber-die-firma","status":"publish","type":"page","link":"https:\/\/wphtransport.eu\/index.php\/de\/uber-die-firma\/","title":{"rendered":"\u00dcber die Firma"},"content":{"rendered":"\n<p>Das Unternehmen wurde 2012 gegr\u00fcndet. Wir transportieren den Hartgussasphalt haupts\u00e4chlich in den Spezialkesseln mit vertikalen R\u00fchrwerken in der Spezifikation LKW + Anh\u00e4nger mit einer Ladekapazit\u00e4t von 10 t+10 t (Marken LINNHOFF HENNE und KOLBERG) sowie mit horizontalen R\u00fchrwerken auf Sattelaufliegern mit einer Einzelkapazit\u00e4t von 20 t (LINNHOFF HENNE). , BENNINGHOVEN).<\/p>\n\n\n\n<p>Die Maschinenbediener sind professionell im Bereich der &nbsp;Kesselbedienung und der Aufrechterhaltung der h\u00f6chstm\u00f6glichen Qualit\u00e4t der Mischung bis zur Entladung &nbsp;geschult.<\/p>\n","protected":false},"excerpt":{"rendered":"<p>Das Unternehmen wurde 2012 gegr\u00fcndet. Wir transportieren den Hartgussasphalt haupts\u00e4chlich in den Spezialkesseln mit vertikalen R\u00fchrwerken in der Spezifikation LKW + Anh\u00e4nger mit einer Ladekapazit\u00e4t von 10 t+10 t (Marken LINNHOFF HENNE und KOLBERG) sowie mit horizontalen R\u00fchrwerken auf Sattelaufliegern mit einer Einzelkapazit\u00e4t von 20 t (LINNHOFF HENNE). , BENNINGHOVEN). [&hellip;]<\/p>\n","protected":false},"author":2,"featured_media":69,"parent":0,"menu_order":0,"comment_status":"closed","ping_status":"closed","template":"","meta":{"footnotes":""},"class_list":["post-119","page","type-page","status-publish","has-post-thumbnail","hentry"],"yoast_head":"<!-- This site is optimized with the Yoast SEO plugin v21.7 - https:\/\/yoast.com\/wordpress\/plugins\/seo\/ -->\n<title>\u00dcber die Firma - Transport asfaltu twardolanego Asfalt twardolany, asfalt, transport<\/title>\n<meta name=\"robots\" content=\"index, follow, max-snippet:-1, max-image-preview:large, max-video-preview:-1\" \/>\n<link rel=\"canonical\" href=\"https:\/\/wphtransport.eu\/index.php\/de\/uber-die-firma\/\" \/>\n<meta property=\"og:locale\" content=\"pl_PL\" \/>\n<meta property=\"og:type\" content=\"article\" \/>\n<meta property=\"og:title\" content=\"\u00dcber die Firma - Transport asfaltu twardolanego Asfalt twardolany, asfalt, transport\" \/>\n<meta property=\"og:description\" content=\"Das Unternehmen wurde 2012 gegr\u00fcndet. Wir transportieren den Hartgussasphalt haupts\u00e4chlich in den Spezialkesseln mit vertikalen R\u00fchrwerken in der Spezifikation LKW + Anh\u00e4nger mit einer Ladekapazit\u00e4t von 10 t+10 t (Marken LINNHOFF HENNE und KOLBERG) sowie mit horizontalen R\u00fchrwerken auf Sattelaufliegern mit einer Einzelkapazit\u00e4t von 20 t (LINNHOFF HENNE). , BENNINGHOVEN). [&hellip;]\" \/>\n<meta property=\"og:url\" content=\"https:\/\/wphtransport.eu\/index.php\/de\/uber-die-firma\/\" \/>\n<meta property=\"og:site_name\" content=\"Transport asfaltu twardolanego\" \/>\n<meta property=\"article:modified_time\" content=\"2023-09-02T19:10:03+00:00\" \/>\n<meta property=\"og:image\" content=\"https:\/\/wphtransport.eu\/wp-content\/uploads\/2023\/04\/IMG-2274-scaled.jpg\" \/>\n\t<meta property=\"og:image:width\" content=\"2560\" \/>\n\t<meta property=\"og:image:height\" content=\"1442\" \/>\n\t<meta property=\"og:image:type\" content=\"image\/jpeg\" \/>\n<meta name=\"twitter:card\" content=\"summary_large_image\" \/>\n<script type=\"application\/ld+json\" class=\"yoast-schema-graph\">{\"@context\":\"https:\/\/schema.org\",\"@graph\":[{\"@type\":\"Article\",\"@id\":\"https:\/\/wphtransport.eu\/index.php\/de\/uber-die-firma\/#article\",\"isPartOf\":{\"@id\":\"https:\/\/wphtransport.eu\/index.php\/de\/uber-die-firma\/\"},\"author\":{\"name\":\"admin\",\"@id\":\"https:\/\/wphtransport.eu\/#\/schema\/person\/7720c70cbd5b612c9bee5975713f58d7\"},\"headline\":\"\u00dcber die Firma\",\"datePublished\":\"2023-06-12T19:33:31+00:00\",\"dateModified\":\"2023-09-02T19:10:03+00:00\",\"mainEntityOfPage\":{\"@id\":\"https:\/\/wphtransport.eu\/index.php\/de\/uber-die-firma\/\"},\"wordCount\":80,\"publisher\":{\"@id\":\"https:\/\/wphtransport.eu\/#organization\"},\"inLanguage\":\"pl-PL\"},{\"@type\":\"WebPage\",\"@id\":\"https:\/\/wphtransport.eu\/index.php\/de\/uber-die-firma\/\",\"url\":\"https:\/\/wphtransport.eu\/index.php\/de\/uber-die-firma\/\",\"name\":\"\u00dcber die Firma - Transport asfaltu twardolanego Asfalt twardolany, asfalt, transport\",\"isPartOf\":{\"@id\":\"https:\/\/wphtransport.eu\/#website\"},\"datePublished\":\"2023-06-12T19:33:31+00:00\",\"dateModified\":\"2023-09-02T19:10:03+00:00\",\"breadcrumb\":{\"@id\":\"https:\/\/wphtransport.eu\/index.php\/de\/uber-die-firma\/#breadcrumb\"},\"inLanguage\":\"pl-PL\",\"potentialAction\":[{\"@type\":\"ReadAction\",\"target\":[\"https:\/\/wphtransport.eu\/index.php\/de\/uber-die-firma\/\"]}]},{\"@type\":\"BreadcrumbList\",\"@id\":\"https:\/\/wphtransport.eu\/index.php\/de\/uber-die-firma\/#breadcrumb\",\"itemListElement\":[{\"@type\":\"ListItem\",\"position\":1,\"name\":\"Home\",\"item\":\"https:\/\/wphtransport.eu\/\"},{\"@type\":\"ListItem\",\"position\":2,\"name\":\"\u00dcber die Firma\"}]},{\"@type\":\"WebSite\",\"@id\":\"https:\/\/wphtransport.eu\/#website\",\"url\":\"https:\/\/wphtransport.eu\/\",\"name\":\"Transport asfaltu twardolanego\",\"description\":\"Wozimy asfalt po kt\u00f3rym jedziesz.\",\"publisher\":{\"@id\":\"https:\/\/wphtransport.eu\/#organization\"},\"potentialAction\":[{\"@type\":\"SearchAction\",\"target\":{\"@type\":\"EntryPoint\",\"urlTemplate\":\"https:\/\/wphtransport.eu\/?s={search_term_string}\"},\"query-input\":\"required name=search_term_string\"}],\"inLanguage\":\"pl-PL\"},{\"@type\":\"Organization\",\"@id\":\"https:\/\/wphtransport.eu\/#organization\",\"name\":\"WPH Transport - Transport asfaltu twardolanego\",\"url\":\"https:\/\/wphtransport.eu\/\",\"logo\":{\"@type\":\"ImageObject\",\"inLanguage\":\"pl-PL\",\"@id\":\"https:\/\/wphtransport.eu\/#\/schema\/logo\/image\/\",\"url\":\"https:\/\/wphtransport.eu\/wp-content\/uploads\/2023\/09\/IMG_1317.jpeg\",\"contentUrl\":\"https:\/\/wphtransport.eu\/wp-content\/uploads\/2023\/09\/IMG_1317.jpeg\",\"width\":2048,\"height\":1536,\"caption\":\"WPH Transport - Transport asfaltu twardolanego\"},\"image\":{\"@id\":\"https:\/\/wphtransport.eu\/#\/schema\/logo\/image\/\"}},{\"@type\":\"Person\",\"@id\":\"https:\/\/wphtransport.eu\/#\/schema\/person\/7720c70cbd5b612c9bee5975713f58d7\",\"name\":\"admin\",\"image\":{\"@type\":\"ImageObject\",\"inLanguage\":\"pl-PL\",\"@id\":\"https:\/\/wphtransport.eu\/#\/schema\/person\/image\/\",\"url\":\"https:\/\/secure.gravatar.com\/avatar\/aea7c2962c1947205df2afdfaea28c28465dca9aa1e03940a05ad161726869cf?s=96&d=mm&r=g\",\"contentUrl\":\"https:\/\/secure.gravatar.com\/avatar\/aea7c2962c1947205df2afdfaea28c28465dca9aa1e03940a05ad161726869cf?s=96&d=mm&r=g\",\"caption\":\"admin\"},\"sameAs\":[\"http:\/\/wphtransport.eu\"],\"url\":\"https:\/\/wphtransport.eu\/index.php\/author\/admin-2\/\"}]}<\/script>\n<!-- \/ Yoast SEO plugin. -->","yoast_head_json":{"title":"\u00dcber die Firma - Transport asfaltu twardolanego Asfalt twardolany, asfalt, transport","robots":{"index":"index","follow":"follow","max-snippet":"max-snippet:-1","max-image-preview":"max-image-preview:large","max-video-preview":"max-video-preview:-1"},"canonical":"https:\/\/wphtransport.eu\/index.php\/de\/uber-die-firma\/","og_locale":"pl_PL","og_type":"article","og_title":"\u00dcber die Firma - Transport asfaltu twardolanego Asfalt twardolany, asfalt, transport","og_description":"Das Unternehmen wurde 2012 gegr\u00fcndet. Wir transportieren den Hartgussasphalt haupts\u00e4chlich in den Spezialkesseln mit vertikalen R\u00fchrwerken in der Spezifikation LKW + Anh\u00e4nger mit einer Ladekapazit\u00e4t von 10 t+10 t (Marken LINNHOFF HENNE und KOLBERG) sowie mit horizontalen R\u00fchrwerken auf Sattelaufliegern mit einer Einzelkapazit\u00e4t von 20 t (LINNHOFF HENNE). , BENNINGHOVEN). [&hellip;]","og_url":"https:\/\/wphtransport.eu\/index.php\/de\/uber-die-firma\/","og_site_name":"Transport asfaltu twardolanego","article_modified_time":"2023-09-02T19:10:03+00:00","og_image":[{"width":2560,"height":1442,"url":"https:\/\/wphtransport.eu\/wp-content\/uploads\/2023\/04\/IMG-2274-scaled.jpg","type":"image\/jpeg"}],"twitter_card":"summary_large_image","schema":{"@context":"https:\/\/schema.org","@graph":[{"@type":"Article","@id":"https:\/\/wphtransport.eu\/index.php\/de\/uber-die-firma\/#article","isPartOf":{"@id":"https:\/\/wphtransport.eu\/index.php\/de\/uber-die-firma\/"},"author":{"name":"admin","@id":"https:\/\/wphtransport.eu\/#\/schema\/person\/7720c70cbd5b612c9bee5975713f58d7"},"headline":"\u00dcber die Firma","datePublished":"2023-06-12T19:33:31+00:00","dateModified":"2023-09-02T19:10:03+00:00","mainEntityOfPage":{"@id":"https:\/\/wphtransport.eu\/index.php\/de\/uber-die-firma\/"},"wordCount":80,"publisher":{"@id":"https:\/\/wphtransport.eu\/#organization"},"inLanguage":"pl-PL"},{"@type":"WebPage","@id":"https:\/\/wphtransport.eu\/index.php\/de\/uber-die-firma\/","url":"https:\/\/wphtransport.eu\/index.php\/de\/uber-die-firma\/","name":"\u00dcber die Firma - Transport asfaltu twardolanego Asfalt twardolany, asfalt, transport","isPartOf":{"@id":"https:\/\/wphtransport.eu\/#website"},"datePublished":"2023-06-12T19:33:31+00:00","dateModified":"2023-09-02T19:10:03+00:00","breadcrumb":{"@id":"https:\/\/wphtransport.eu\/index.php\/de\/uber-die-firma\/#breadcrumb"},"inLanguage":"pl-PL","potentialAction":[{"@type":"ReadAction","target":["https:\/\/wphtransport.eu\/index.php\/de\/uber-die-firma\/"]}]},{"@type":"BreadcrumbList","@id":"https:\/\/wphtransport.eu\/index.php\/de\/uber-die-firma\/#breadcrumb","itemListElement":[{"@type":"ListItem","position":1,"name":"Home","item":"https:\/\/wphtransport.eu\/"},{"@type":"ListItem","position":2,"name":"\u00dcber die Firma"}]},{"@type":"WebSite","@id":"https:\/\/wphtransport.eu\/#website","url":"https:\/\/wphtransport.eu\/","name":"Transport asfaltu twardolanego","description":"Wozimy asfalt po kt\u00f3rym jedziesz.","publisher":{"@id":"https:\/\/wphtransport.eu\/#organization"},"potentialAction":[{"@type":"SearchAction","target":{"@type":"EntryPoint","urlTemplate":"https:\/\/wphtransport.eu\/?s={search_term_string}"},"query-input":"required name=search_term_string"}],"inLanguage":"pl-PL"},{"@type":"Organization","@id":"https:\/\/wphtransport.eu\/#organization","name":"WPH Transport - Transport asfaltu twardolanego","url":"https:\/\/wphtransport.eu\/","logo":{"@type":"ImageObject","inLanguage":"pl-PL","@id":"https:\/\/wphtransport.eu\/#\/schema\/logo\/image\/","url":"https:\/\/wphtransport.eu\/wp-content\/uploads\/2023\/09\/IMG_1317.jpeg","contentUrl":"https:\/\/wphtransport.eu\/wp-content\/uploads\/2023\/09\/IMG_1317.jpeg","width":2048,"height":1536,"caption":"WPH Transport - Transport asfaltu twardolanego"},"image":{"@id":"https:\/\/wphtransport.eu\/#\/schema\/logo\/image\/"}},{"@type":"Person","@id":"https:\/\/wphtransport.eu\/#\/schema\/person\/7720c70cbd5b612c9bee5975713f58d7","name":"admin","image":{"@type":"ImageObject","inLanguage":"pl-PL","@id":"https:\/\/wphtransport.eu\/#\/schema\/person\/image\/","url":"https:\/\/secure.gravatar.com\/avatar\/aea7c2962c1947205df2afdfaea28c28465dca9aa1e03940a05ad161726869cf?s=96&d=mm&r=g","contentUrl":"https:\/\/secure.gravatar.com\/avatar\/aea7c2962c1947205df2afdfaea28c28465dca9aa1e03940a05ad161726869cf?s=96&d=mm&r=g","caption":"admin"},"sameAs":["http:\/\/wphtransport.eu"],"url":"https:\/\/wphtransport.eu\/index.php\/author\/admin-2\/"}]}},"_links":{"self":[{"href":"https:\/\/wphtransport.eu\/index.php\/wp-json\/wp\/v2\/pages\/119","targetHints":{"allow":["GET"]}}],"collection":[{"href":"https:\/\/wphtransport.eu\/index.php\/wp-json\/wp\/v2\/pages"}],"about":[{"href":"https:\/\/wphtransport.eu\/index.php\/wp-json\/wp\/v2\/types\/page"}],"author":[{"embeddable":true,"href":"https:\/\/wphtransport.eu\/index.php\/wp-json\/wp\/v2\/users\/2"}],"replies":[{"embeddable":true,"href":"https:\/\/wphtransport.eu\/index.php\/wp-json\/wp\/v2\/comments?post=119"}],"version-history":[{"count":1,"href":"https:\/\/wphtransport.eu\/index.php\/wp-json\/wp\/v2\/pages\/119\/revisions"}],"predecessor-version":[{"id":120,"href":"https:\/\/wphtransport.eu\/index.php\/wp-json\/wp\/v2\/pages\/119\/revisions\/120"}],"wp:featuredmedia":[{"embeddable":true,"href":"https:\/\/wphtransport.eu\/index.php\/wp-json\/wp\/v2\/media\/69"}],"wp:attachment":[{"href":"https:\/\/wphtransport.eu\/index.php\/wp-json\/wp\/v2\/media?parent=119"}],"curies":[{"name":"wp","href":"https:\/\/api.w.org\/{rel}","templated":true}]}}