{"id":29,"date":"2023-03-27T09:44:41","date_gmt":"2023-03-27T07:44:41","guid":{"rendered":"http:\/\/wphtransport.eu\/?page_id=29"},"modified":"2023-12-29T10:35:50","modified_gmt":"2023-12-29T09:35:50","slug":"strona-glowna","status":"publish","type":"page","link":"https:\/\/wphtransport.eu\/","title":{"rendered":"Transport Mi\u0119dzynarodowy"},"content":{"rendered":"\n<p>Oferujemy us\u0142ugi transportowe w Kraju jak i na terenie Unii Europejskiej. Nasza Firma<br>posiada d\u0142ugoletnie do\u015bwiadczenie w transporcie krajowym jak i mi\u0119dzynarodowym oraz<br>posiadamy firmy dla kt\u00f3rych wozimy towary od wielu lat. Stawiamy na sta\u0142\u0105 wsp\u00f3\u0142prace i<br>zadowolenie klienta. Jeste\u015bmy elastyczni i dok\u0142adni. Nic nie cieszy nas bardziej, ni\u017c<br>profesjonalnie wykonywane us\u0142ugi transportowe i dzia\u0142amy na rynku po to, aby zapewni\u0107 ich<br>dost\u0119pno\u015b\u0107. To z nami dowieziesz swoje produkty bez uszczerbku dla ich kondycji i jako\u015bci.<br>Wszystkie auta mamy wyposa\u017cone w monitoring GPS dzi\u0119ki, kt\u00f3rym mamy sta\u0142\u0105 kontrole<br>nad autem, towarem jak i kierowc\u0105. <br>Zapraszamy do wsp\u00f3\u0142pracy z nasz\u0105 firm\u0105 w ga\u0142\u0119zi transportu.<\/p>\n\n\n\n<p>Wsp\u00f3\u0142pracujemy z najlepszymi:<\/p>\n\n\n\n<div class=\"wp-block-columns is-layout-flex wp-container-core-columns-is-layout-9d6595d7 wp-block-columns-is-layout-flex\">\n<div class=\"wp-block-column is-layout-flow wp-block-column-is-layout-flow\">\n<div class=\"wp-block-columns is-layout-flex wp-container-core-columns-is-layout-9d6595d7 wp-block-columns-is-layout-flex\">\n<div class=\"wp-block-column is-layout-flow wp-block-column-is-layout-flow\">\n<figure class=\"wp-block-image size-full\"><a href=\"https:\/\/www.amazon.pl\/\" target=\"_blank\" rel=\"noreferrer noopener\"><img loading=\"lazy\" decoding=\"async\" width=\"474\" height=\"296\" src=\"https:\/\/wphtransport.eu\/wp-content\/uploads\/2023\/09\/amzlogo2.png\" alt=\"\" class=\"wp-image-370\" srcset=\"https:\/\/wphtransport.eu\/wp-content\/uploads\/2023\/09\/amzlogo2.png 474w, https:\/\/wphtransport.eu\/wp-content\/uploads\/2023\/09\/amzlogo2-300x187.png 300w\" sizes=\"auto, (max-width: 474px) 100vw, 474px\" \/><\/a><\/figure>\n<\/div>\n\n\n\n<div class=\"wp-block-column is-layout-flow wp-block-column-is-layout-flow\">\n<figure class=\"wp-block-image size-full\"><a href=\"https:\/\/poland.arcelormittal.com\/\" target=\"_blank\" rel=\"noreferrer noopener\"><img loading=\"lazy\" decoding=\"async\" width=\"474\" height=\"296\" src=\"https:\/\/wphtransport.eu\/wp-content\/uploads\/2023\/09\/amlogo2.png\" alt=\"\" class=\"wp-image-371\" srcset=\"https:\/\/wphtransport.eu\/wp-content\/uploads\/2023\/09\/amlogo2.png 474w, https:\/\/wphtransport.eu\/wp-content\/uploads\/2023\/09\/amlogo2-300x187.png 300w\" sizes=\"auto, (max-width: 474px) 100vw, 474px\" \/><\/a><\/figure>\n<\/div>\n<\/div>\n<\/div>\n\n\n\n<div class=\"wp-block-column is-layout-flow wp-block-column-is-layout-flow\">\n<div class=\"wp-block-columns is-layout-flex wp-container-core-columns-is-layout-9d6595d7 wp-block-columns-is-layout-flex\">\n<div class=\"wp-block-column is-layout-flow wp-block-column-is-layout-flow\">\n<figure class=\"wp-block-image size-full\"><a href=\"https:\/\/www.dhl.com\/\" target=\"_blank\" rel=\"noreferrer noopener\"><img loading=\"lazy\" decoding=\"async\" width=\"474\" height=\"296\" src=\"https:\/\/wphtransport.eu\/wp-content\/uploads\/2023\/09\/dhllogo.png\" alt=\"\" class=\"wp-image-366\" srcset=\"https:\/\/wphtransport.eu\/wp-content\/uploads\/2023\/09\/dhllogo.png 474w, https:\/\/wphtransport.eu\/wp-content\/uploads\/2023\/09\/dhllogo-300x187.png 300w\" sizes=\"auto, (max-width: 474px) 100vw, 474px\" \/><\/a><\/figure>\n<\/div>\n\n\n\n<div class=\"wp-block-column is-layout-flow wp-block-column-is-layout-flow\">\n<figure class=\"wp-block-image size-full\"><a href=\"https:\/\/www.tkmaxx.pl\/\" target=\"_blank\" rel=\"noreferrer noopener\"><img loading=\"lazy\" decoding=\"async\" width=\"474\" height=\"296\" src=\"https:\/\/wphtransport.eu\/wp-content\/uploads\/2023\/09\/tklogo.png\" alt=\"\" class=\"wp-image-367\" srcset=\"https:\/\/wphtransport.eu\/wp-content\/uploads\/2023\/09\/tklogo.png 474w, https:\/\/wphtransport.eu\/wp-content\/uploads\/2023\/09\/tklogo-300x187.png 300w\" sizes=\"auto, (max-width: 474px) 100vw, 474px\" \/><\/a><\/figure>\n<\/div>\n<\/div>\n<\/div>\n<\/div>\n","protected":false},"excerpt":{"rendered":"<p>Oferujemy us\u0142ugi transportowe w Kraju jak i na terenie Unii Europejskiej. Nasza Firmaposiada d\u0142ugoletnie do\u015bwiadczenie w transporcie krajowym jak i mi\u0119dzynarodowym orazposiadamy firmy dla kt\u00f3rych wozimy towary od wielu lat. Stawiamy na sta\u0142\u0105 wsp\u00f3\u0142prace izadowolenie klienta. Jeste\u015bmy elastyczni i dok\u0142adni. Nic nie cieszy nas bardziej, ni\u017cprofesjonalnie wykonywane us\u0142ugi transportowe i [&hellip;]<\/p>\n","protected":false},"author":2,"featured_media":65,"parent":0,"menu_order":0,"comment_status":"closed","ping_status":"closed","template":"","meta":{"footnotes":""},"class_list":["post-29","page","type-page","status-publish","has-post-thumbnail","hentry"],"yoast_head":"<!-- This site is optimized with the Yoast SEO plugin v21.7 - https:\/\/yoast.com\/wordpress\/plugins\/seo\/ -->\n<title>Transport Mi\u0119dzynarodowy - Transport asfaltu twardolanego Asfalt twardolany, asfalt, transport<\/title>\n<meta name=\"robots\" content=\"index, follow, max-snippet:-1, max-image-preview:large, max-video-preview:-1\" \/>\n<link rel=\"canonical\" href=\"https:\/\/wphtransport.eu\/\" \/>\n<meta property=\"og:locale\" content=\"pl_PL\" \/>\n<meta property=\"og:type\" content=\"article\" \/>\n<meta property=\"og:title\" content=\"Transport Mi\u0119dzynarodowy - Transport asfaltu twardolanego Asfalt twardolany, asfalt, transport\" \/>\n<meta property=\"og:description\" content=\"Oferujemy us\u0142ugi transportowe w Kraju jak i na terenie Unii Europejskiej. Nasza Firmaposiada d\u0142ugoletnie do\u015bwiadczenie w transporcie krajowym jak i mi\u0119dzynarodowym orazposiadamy firmy dla kt\u00f3rych wozimy towary od wielu lat. Stawiamy na sta\u0142\u0105 wsp\u00f3\u0142prace izadowolenie klienta. Jeste\u015bmy elastyczni i dok\u0142adni. Nic nie cieszy nas bardziej, ni\u017cprofesjonalnie wykonywane us\u0142ugi transportowe i [&hellip;]\" \/>\n<meta property=\"og:url\" content=\"https:\/\/wphtransport.eu\/\" \/>\n<meta property=\"og:site_name\" content=\"Transport asfaltu twardolanego\" \/>\n<meta property=\"article:modified_time\" content=\"2023-12-29T09:35:50+00:00\" \/>\n<meta property=\"og:image\" content=\"https:\/\/wphtransport.eu\/wp-content\/uploads\/2023\/04\/cropped-IMG-2273-scaled-1.jpg\" \/>\n\t<meta property=\"og:image:width\" content=\"2041\" \/>\n\t<meta property=\"og:image:height\" content=\"1175\" \/>\n\t<meta property=\"og:image:type\" content=\"image\/jpeg\" \/>\n<meta name=\"twitter:card\" content=\"summary_large_image\" \/>\n<meta name=\"twitter:label1\" content=\"Szacowany czas czytania\" \/>\n\t<meta name=\"twitter:data1\" content=\"2 minuty\" \/>\n<script type=\"application\/ld+json\" class=\"yoast-schema-graph\">{\"@context\":\"https:\/\/schema.org\",\"@graph\":[{\"@type\":\"Article\",\"@id\":\"https:\/\/wphtransport.eu\/#article\",\"isPartOf\":{\"@id\":\"https:\/\/wphtransport.eu\/\"},\"author\":{\"name\":\"admin\",\"@id\":\"https:\/\/wphtransport.eu\/#\/schema\/person\/7720c70cbd5b612c9bee5975713f58d7\"},\"headline\":\"Transport Mi\u0119dzynarodowy\",\"datePublished\":\"2023-03-27T07:44:41+00:00\",\"dateModified\":\"2023-12-29T09:35:50+00:00\",\"mainEntityOfPage\":{\"@id\":\"https:\/\/wphtransport.eu\/\"},\"wordCount\":122,\"publisher\":{\"@id\":\"https:\/\/wphtransport.eu\/#organization\"},\"inLanguage\":\"pl-PL\"},{\"@type\":\"WebPage\",\"@id\":\"https:\/\/wphtransport.eu\/\",\"url\":\"https:\/\/wphtransport.eu\/\",\"name\":\"Transport Mi\u0119dzynarodowy - Transport asfaltu twardolanego Asfalt twardolany, asfalt, transport\",\"isPartOf\":{\"@id\":\"https:\/\/wphtransport.eu\/#website\"},\"datePublished\":\"2023-03-27T07:44:41+00:00\",\"dateModified\":\"2023-12-29T09:35:50+00:00\",\"breadcrumb\":{\"@id\":\"https:\/\/wphtransport.eu\/#breadcrumb\"},\"inLanguage\":\"pl-PL\",\"potentialAction\":[{\"@type\":\"ReadAction\",\"target\":[\"https:\/\/wphtransport.eu\/\"]}]},{\"@type\":\"BreadcrumbList\",\"@id\":\"https:\/\/wphtransport.eu\/#breadcrumb\",\"itemListElement\":[{\"@type\":\"ListItem\",\"position\":1,\"name\":\"Home\",\"item\":\"https:\/\/wphtransport.eu\/\"},{\"@type\":\"ListItem\",\"position\":2,\"name\":\"Transport Mi\u0119dzynarodowy\"}]},{\"@type\":\"WebSite\",\"@id\":\"https:\/\/wphtransport.eu\/#website\",\"url\":\"https:\/\/wphtransport.eu\/\",\"name\":\"Transport asfaltu twardolanego\",\"description\":\"Wozimy asfalt po kt\u00f3rym jedziesz.\",\"publisher\":{\"@id\":\"https:\/\/wphtransport.eu\/#organization\"},\"potentialAction\":[{\"@type\":\"SearchAction\",\"target\":{\"@type\":\"EntryPoint\",\"urlTemplate\":\"https:\/\/wphtransport.eu\/?s={search_term_string}\"},\"query-input\":\"required name=search_term_string\"}],\"inLanguage\":\"pl-PL\"},{\"@type\":\"Organization\",\"@id\":\"https:\/\/wphtransport.eu\/#organization\",\"name\":\"WPH Transport - Transport asfaltu twardolanego\",\"url\":\"https:\/\/wphtransport.eu\/\",\"logo\":{\"@type\":\"ImageObject\",\"inLanguage\":\"pl-PL\",\"@id\":\"https:\/\/wphtransport.eu\/#\/schema\/logo\/image\/\",\"url\":\"https:\/\/wphtransport.eu\/wp-content\/uploads\/2023\/09\/IMG_1317.jpeg\",\"contentUrl\":\"https:\/\/wphtransport.eu\/wp-content\/uploads\/2023\/09\/IMG_1317.jpeg\",\"width\":2048,\"height\":1536,\"caption\":\"WPH Transport - Transport asfaltu twardolanego\"},\"image\":{\"@id\":\"https:\/\/wphtransport.eu\/#\/schema\/logo\/image\/\"}},{\"@type\":\"Person\",\"@id\":\"https:\/\/wphtransport.eu\/#\/schema\/person\/7720c70cbd5b612c9bee5975713f58d7\",\"name\":\"admin\",\"image\":{\"@type\":\"ImageObject\",\"inLanguage\":\"pl-PL\",\"@id\":\"https:\/\/wphtransport.eu\/#\/schema\/person\/image\/\",\"url\":\"https:\/\/secure.gravatar.com\/avatar\/aea7c2962c1947205df2afdfaea28c28465dca9aa1e03940a05ad161726869cf?s=96&d=mm&r=g\",\"contentUrl\":\"https:\/\/secure.gravatar.com\/avatar\/aea7c2962c1947205df2afdfaea28c28465dca9aa1e03940a05ad161726869cf?s=96&d=mm&r=g\",\"caption\":\"admin\"},\"sameAs\":[\"http:\/\/wphtransport.eu\"],\"url\":\"https:\/\/wphtransport.eu\/index.php\/author\/admin-2\/\"}]}<\/script>\n<!-- \/ Yoast SEO plugin. -->","yoast_head_json":{"title":"Transport Mi\u0119dzynarodowy - Transport asfaltu twardolanego Asfalt twardolany, asfalt, transport","robots":{"index":"index","follow":"follow","max-snippet":"max-snippet:-1","max-image-preview":"max-image-preview:large","max-video-preview":"max-video-preview:-1"},"canonical":"https:\/\/wphtransport.eu\/","og_locale":"pl_PL","og_type":"article","og_title":"Transport Mi\u0119dzynarodowy - Transport asfaltu twardolanego Asfalt twardolany, asfalt, transport","og_description":"Oferujemy us\u0142ugi transportowe w Kraju jak i na terenie Unii Europejskiej. Nasza Firmaposiada d\u0142ugoletnie do\u015bwiadczenie w transporcie krajowym jak i mi\u0119dzynarodowym orazposiadamy firmy dla kt\u00f3rych wozimy towary od wielu lat. Stawiamy na sta\u0142\u0105 wsp\u00f3\u0142prace izadowolenie klienta. Jeste\u015bmy elastyczni i dok\u0142adni. Nic nie cieszy nas bardziej, ni\u017cprofesjonalnie wykonywane us\u0142ugi transportowe i [&hellip;]","og_url":"https:\/\/wphtransport.eu\/","og_site_name":"Transport asfaltu twardolanego","article_modified_time":"2023-12-29T09:35:50+00:00","og_image":[{"width":2041,"height":1175,"url":"https:\/\/wphtransport.eu\/wp-content\/uploads\/2023\/04\/cropped-IMG-2273-scaled-1.jpg","type":"image\/jpeg"}],"twitter_card":"summary_large_image","twitter_misc":{"Szacowany czas czytania":"2 minuty"},"schema":{"@context":"https:\/\/schema.org","@graph":[{"@type":"Article","@id":"https:\/\/wphtransport.eu\/#article","isPartOf":{"@id":"https:\/\/wphtransport.eu\/"},"author":{"name":"admin","@id":"https:\/\/wphtransport.eu\/#\/schema\/person\/7720c70cbd5b612c9bee5975713f58d7"},"headline":"Transport Mi\u0119dzynarodowy","datePublished":"2023-03-27T07:44:41+00:00","dateModified":"2023-12-29T09:35:50+00:00","mainEntityOfPage":{"@id":"https:\/\/wphtransport.eu\/"},"wordCount":122,"publisher":{"@id":"https:\/\/wphtransport.eu\/#organization"},"inLanguage":"pl-PL"},{"@type":"WebPage","@id":"https:\/\/wphtransport.eu\/","url":"https:\/\/wphtransport.eu\/","name":"Transport Mi\u0119dzynarodowy - Transport asfaltu twardolanego Asfalt twardolany, asfalt, transport","isPartOf":{"@id":"https:\/\/wphtransport.eu\/#website"},"datePublished":"2023-03-27T07:44:41+00:00","dateModified":"2023-12-29T09:35:50+00:00","breadcrumb":{"@id":"https:\/\/wphtransport.eu\/#breadcrumb"},"inLanguage":"pl-PL","potentialAction":[{"@type":"ReadAction","target":["https:\/\/wphtransport.eu\/"]}]},{"@type":"BreadcrumbList","@id":"https:\/\/wphtransport.eu\/#breadcrumb","itemListElement":[{"@type":"ListItem","position":1,"name":"Home","item":"https:\/\/wphtransport.eu\/"},{"@type":"ListItem","position":2,"name":"Transport Mi\u0119dzynarodowy"}]},{"@type":"WebSite","@id":"https:\/\/wphtransport.eu\/#website","url":"https:\/\/wphtransport.eu\/","name":"Transport asfaltu twardolanego","description":"Wozimy asfalt po kt\u00f3rym jedziesz.","publisher":{"@id":"https:\/\/wphtransport.eu\/#organization"},"potentialAction":[{"@type":"SearchAction","target":{"@type":"EntryPoint","urlTemplate":"https:\/\/wphtransport.eu\/?s={search_term_string}"},"query-input":"required name=search_term_string"}],"inLanguage":"pl-PL"},{"@type":"Organization","@id":"https:\/\/wphtransport.eu\/#organization","name":"WPH Transport - Transport asfaltu twardolanego","url":"https:\/\/wphtransport.eu\/","logo":{"@type":"ImageObject","inLanguage":"pl-PL","@id":"https:\/\/wphtransport.eu\/#\/schema\/logo\/image\/","url":"https:\/\/wphtransport.eu\/wp-content\/uploads\/2023\/09\/IMG_1317.jpeg","contentUrl":"https:\/\/wphtransport.eu\/wp-content\/uploads\/2023\/09\/IMG_1317.jpeg","width":2048,"height":1536,"caption":"WPH Transport - Transport asfaltu twardolanego"},"image":{"@id":"https:\/\/wphtransport.eu\/#\/schema\/logo\/image\/"}},{"@type":"Person","@id":"https:\/\/wphtransport.eu\/#\/schema\/person\/7720c70cbd5b612c9bee5975713f58d7","name":"admin","image":{"@type":"ImageObject","inLanguage":"pl-PL","@id":"https:\/\/wphtransport.eu\/#\/schema\/person\/image\/","url":"https:\/\/secure.gravatar.com\/avatar\/aea7c2962c1947205df2afdfaea28c28465dca9aa1e03940a05ad161726869cf?s=96&d=mm&r=g","contentUrl":"https:\/\/secure.gravatar.com\/avatar\/aea7c2962c1947205df2afdfaea28c28465dca9aa1e03940a05ad161726869cf?s=96&d=mm&r=g","caption":"admin"},"sameAs":["http:\/\/wphtransport.eu"],"url":"https:\/\/wphtransport.eu\/index.php\/author\/admin-2\/"}]}},"_links":{"self":[{"href":"https:\/\/wphtransport.eu\/index.php\/wp-json\/wp\/v2\/pages\/29","targetHints":{"allow":["GET"]}}],"collection":[{"href":"https:\/\/wphtransport.eu\/index.php\/wp-json\/wp\/v2\/pages"}],"about":[{"href":"https:\/\/wphtransport.eu\/index.php\/wp-json\/wp\/v2\/types\/page"}],"author":[{"embeddable":true,"href":"https:\/\/wphtransport.eu\/index.php\/wp-json\/wp\/v2\/users\/2"}],"replies":[{"embeddable":true,"href":"https:\/\/wphtransport.eu\/index.php\/wp-json\/wp\/v2\/comments?post=29"}],"version-history":[{"count":21,"href":"https:\/\/wphtransport.eu\/index.php\/wp-json\/wp\/v2\/pages\/29\/revisions"}],"predecessor-version":[{"id":380,"href":"https:\/\/wphtransport.eu\/index.php\/wp-json\/wp\/v2\/pages\/29\/revisions\/380"}],"wp:featuredmedia":[{"embeddable":true,"href":"https:\/\/wphtransport.eu\/index.php\/wp-json\/wp\/v2\/media\/65"}],"wp:attachment":[{"href":"https:\/\/wphtransport.eu\/index.php\/wp-json\/wp\/v2\/media?parent=29"}],"curies":[{"name":"wp","href":"https:\/\/api.w.org\/{rel}","templated":true}]}}